{"id":10331,"date":"2020-07-13T04:40:23","date_gmt":"2020-07-13T02:40:23","guid":{"rendered":"https:\/\/alphabite.de\/product\/rocking-motion\/"},"modified":"2021-01-30T16:00:30","modified_gmt":"2021-01-30T15:00:30","slug":"rocking-motion","status":"publish","type":"product","link":"https:\/\/alphabite.de\/de\/produkt\/rocking-motion\/","title":{"rendered":"ROCKING MOTION"},"content":{"rendered":"","protected":false},"excerpt":{"rendered":"","protected":false},"featured_media":9872,"comment_status":"closed","ping_status":"closed","template":"","meta":{"inline_featured_image":false,"_joinchat":[]},"product_brand":[],"product_cat":[79,81,88,91],"product_tag":[],"class_list":{"0":"post-10331","1":"product","2":"type-product","3":"status-publish","4":"has-post-thumbnail","6":"product_cat-alle-zaehne","7":"product_cat-monster-de","8":"product_cat-gesamter-kiefer","9":"product_cat-softline-de","11":"first","12":"instock","13":"sold-individually","14":"shipping-taxable","15":"purchasable","16":"product-type-simple"},"yoast_head":"<!-- This site is optimized with the Yoast SEO plugin v27.3 - https:\/\/yoast.com\/product\/yoast-seo-wordpress\/ -->\n<title>Dental Spezialeffekte von alphabite - ROCKING MOTION<\/title>\n<meta name=\"description\" content=\"Draculaz\u00e4hne f\u00fcr Filmproduktionen, ma\u00dfgefertigt von Zahntechnikern in Deutschland. F\u00fcr allerh\u00f6chste Anspr\u00fcche in Qualit\u00e4t und Pr\u00e4zision. Jetzt kaufen.\" \/>\n<meta name=\"robots\" content=\"index, follow, max-snippet:-1, max-image-preview:large, max-video-preview:-1\" \/>\n<link rel=\"canonical\" href=\"https:\/\/alphabite.de\/de\/produkt\/rocking-motion\/\" \/>\n<meta property=\"og:locale\" content=\"de_DE\" \/>\n<meta property=\"og:type\" content=\"article\" \/>\n<meta property=\"og:title\" content=\"Dental Spezialeffekte von alphabite - ROCKING MOTION\" \/>\n<meta property=\"og:description\" content=\"Draculaz\u00e4hne f\u00fcr Filmproduktionen, ma\u00dfgefertigt von Zahntechnikern in Deutschland. F\u00fcr allerh\u00f6chste Anspr\u00fcche in Qualit\u00e4t und Pr\u00e4zision. Jetzt kaufen.\" \/>\n<meta property=\"og:url\" content=\"https:\/\/alphabite.de\/de\/produkt\/rocking-motion\/\" \/>\n<meta property=\"og:site_name\" content=\"alphabite\" \/>\n<meta property=\"article:publisher\" content=\"https:\/\/www.facebook.com\/alphabitefxteeth\" \/>\n<meta property=\"article:modified_time\" content=\"2021-01-30T15:00:30+00:00\" \/>\n<meta property=\"og:image\" content=\"https:\/\/alphabite.de\/wp-content\/uploads\/2020\/07\/97A2595-ROCKING-MOTION.jpg\" \/>\n\t<meta property=\"og:image:width\" content=\"1200\" \/>\n\t<meta property=\"og:image:height\" content=\"1600\" \/>\n\t<meta property=\"og:image:type\" content=\"image\/jpeg\" \/>\n<meta name=\"twitter:card\" content=\"summary_large_image\" \/>\n<script type=\"application\/ld+json\" class=\"yoast-schema-graph\">{\"@context\":\"https:\\\/\\\/schema.org\",\"@graph\":[{\"@type\":\"WebPage\",\"@id\":\"https:\\\/\\\/alphabite.de\\\/de\\\/produkt\\\/rocking-motion\\\/\",\"url\":\"https:\\\/\\\/alphabite.de\\\/de\\\/produkt\\\/rocking-motion\\\/\",\"name\":\"Dental Spezialeffekte von alphabite - ROCKING MOTION\",\"isPartOf\":{\"@id\":\"https:\\\/\\\/alphabite.de\\\/de\\\/#website\"},\"primaryImageOfPage\":{\"@id\":\"https:\\\/\\\/alphabite.de\\\/de\\\/produkt\\\/rocking-motion\\\/#primaryimage\"},\"image\":{\"@id\":\"https:\\\/\\\/alphabite.de\\\/de\\\/produkt\\\/rocking-motion\\\/#primaryimage\"},\"thumbnailUrl\":\"https:\\\/\\\/alphabite.de\\\/wp-content\\\/uploads\\\/2020\\\/07\\\/97A2595-ROCKING-MOTION.jpg\",\"datePublished\":\"2020-07-13T02:40:23+00:00\",\"dateModified\":\"2021-01-30T15:00:30+00:00\",\"description\":\"Draculaz\u00e4hne f\u00fcr Filmproduktionen, ma\u00dfgefertigt von Zahntechnikern in Deutschland. F\u00fcr allerh\u00f6chste Anspr\u00fcche in Qualit\u00e4t und Pr\u00e4zision. Jetzt kaufen.\",\"breadcrumb\":{\"@id\":\"https:\\\/\\\/alphabite.de\\\/de\\\/produkt\\\/rocking-motion\\\/#breadcrumb\"},\"inLanguage\":\"de\",\"potentialAction\":[{\"@type\":\"ReadAction\",\"target\":[\"https:\\\/\\\/alphabite.de\\\/de\\\/produkt\\\/rocking-motion\\\/\"]}]},{\"@type\":\"ImageObject\",\"inLanguage\":\"de\",\"@id\":\"https:\\\/\\\/alphabite.de\\\/de\\\/produkt\\\/rocking-motion\\\/#primaryimage\",\"url\":\"https:\\\/\\\/alphabite.de\\\/wp-content\\\/uploads\\\/2020\\\/07\\\/97A2595-ROCKING-MOTION.jpg\",\"contentUrl\":\"https:\\\/\\\/alphabite.de\\\/wp-content\\\/uploads\\\/2020\\\/07\\\/97A2595-ROCKING-MOTION.jpg\",\"width\":1200,\"height\":1600,\"caption\":\"Vampirz\u00e4hne, Filmz\u00e4hne, Effektz\u00e4hne, SFX Z\u00e4hne, SFX Teeth, Vampir fangs, fx teeth, Dentaleffekte, Zombiez\u00e4hne\"},{\"@type\":\"BreadcrumbList\",\"@id\":\"https:\\\/\\\/alphabite.de\\\/de\\\/produkt\\\/rocking-motion\\\/#breadcrumb\",\"itemListElement\":[{\"@type\":\"ListItem\",\"position\":1,\"name\":\"Startseite\",\"item\":\"https:\\\/\\\/alphabite.de\\\/de\\\/\"},{\"@type\":\"ListItem\",\"position\":2,\"name\":\"Hall of Fangs\",\"item\":\"https:\\\/\\\/alphabite.de\\\/de\\\/hall-of-fangs\\\/\"},{\"@type\":\"ListItem\",\"position\":3,\"name\":\"ROCKING MOTION\"}]},{\"@type\":\"WebSite\",\"@id\":\"https:\\\/\\\/alphabite.de\\\/de\\\/#website\",\"url\":\"https:\\\/\\\/alphabite.de\\\/de\\\/\",\"name\":\"alphabite\",\"description\":\"we are fx teeth\",\"publisher\":{\"@id\":\"https:\\\/\\\/alphabite.de\\\/de\\\/#organization\"},\"potentialAction\":[{\"@type\":\"SearchAction\",\"target\":{\"@type\":\"EntryPoint\",\"urlTemplate\":\"https:\\\/\\\/alphabite.de\\\/de\\\/?s={search_term_string}\"},\"query-input\":{\"@type\":\"PropertyValueSpecification\",\"valueRequired\":true,\"valueName\":\"search_term_string\"}}],\"inLanguage\":\"de\"},{\"@type\":\"Organization\",\"@id\":\"https:\\\/\\\/alphabite.de\\\/de\\\/#organization\",\"name\":\"alphabite fx teeth\",\"url\":\"https:\\\/\\\/alphabite.de\\\/de\\\/\",\"logo\":{\"@type\":\"ImageObject\",\"inLanguage\":\"de\",\"@id\":\"https:\\\/\\\/alphabite.de\\\/de\\\/#\\\/schema\\\/logo\\\/image\\\/\",\"url\":\"https:\\\/\\\/alphabite.de\\\/wp-content\\\/uploads\\\/2020\\\/07\\\/AB-Logo-StandardClaim-wei\u00df_RGB-e1594813826369.png\",\"contentUrl\":\"https:\\\/\\\/alphabite.de\\\/wp-content\\\/uploads\\\/2020\\\/07\\\/AB-Logo-StandardClaim-wei\u00df_RGB-e1594813826369.png\",\"width\":3000,\"height\":1350,\"caption\":\"alphabite fx teeth\"},\"image\":{\"@id\":\"https:\\\/\\\/alphabite.de\\\/de\\\/#\\\/schema\\\/logo\\\/image\\\/\"},\"sameAs\":[\"https:\\\/\\\/www.facebook.com\\\/alphabitefxteeth\",\"https:\\\/\\\/www.instagram.com\\\/zahnspektakel\\\/\",\"https:\\\/\\\/www.pinterest.de\\\/alphabitefxteeth\\\/\",\"https:\\\/\\\/www.youtube.com\\\/channel\\\/UC0bvo36eq_HJXORZuo4c76A\\\/\"]}]}<\/script>\n<!-- \/ Yoast SEO plugin. -->","yoast_head_json":{"title":"Dental Spezialeffekte von alphabite - ROCKING MOTION","description":"Draculaz\u00e4hne f\u00fcr Filmproduktionen, ma\u00dfgefertigt von Zahntechnikern in Deutschland. F\u00fcr allerh\u00f6chste Anspr\u00fcche in Qualit\u00e4t und Pr\u00e4zision. Jetzt kaufen.","robots":{"index":"index","follow":"follow","max-snippet":"max-snippet:-1","max-image-preview":"max-image-preview:large","max-video-preview":"max-video-preview:-1"},"canonical":"https:\/\/alphabite.de\/de\/produkt\/rocking-motion\/","og_locale":"de_DE","og_type":"article","og_title":"Dental Spezialeffekte von alphabite - ROCKING MOTION","og_description":"Draculaz\u00e4hne f\u00fcr Filmproduktionen, ma\u00dfgefertigt von Zahntechnikern in Deutschland. F\u00fcr allerh\u00f6chste Anspr\u00fcche in Qualit\u00e4t und Pr\u00e4zision. Jetzt kaufen.","og_url":"https:\/\/alphabite.de\/de\/produkt\/rocking-motion\/","og_site_name":"alphabite","article_publisher":"https:\/\/www.facebook.com\/alphabitefxteeth","article_modified_time":"2021-01-30T15:00:30+00:00","og_image":[{"width":1200,"height":1600,"url":"https:\/\/alphabite.de\/wp-content\/uploads\/2020\/07\/97A2595-ROCKING-MOTION.jpg","type":"image\/jpeg"}],"twitter_card":"summary_large_image","schema":{"@context":"https:\/\/schema.org","@graph":[{"@type":"WebPage","@id":"https:\/\/alphabite.de\/de\/produkt\/rocking-motion\/","url":"https:\/\/alphabite.de\/de\/produkt\/rocking-motion\/","name":"Dental Spezialeffekte von alphabite - ROCKING MOTION","isPartOf":{"@id":"https:\/\/alphabite.de\/de\/#website"},"primaryImageOfPage":{"@id":"https:\/\/alphabite.de\/de\/produkt\/rocking-motion\/#primaryimage"},"image":{"@id":"https:\/\/alphabite.de\/de\/produkt\/rocking-motion\/#primaryimage"},"thumbnailUrl":"https:\/\/alphabite.de\/wp-content\/uploads\/2020\/07\/97A2595-ROCKING-MOTION.jpg","datePublished":"2020-07-13T02:40:23+00:00","dateModified":"2021-01-30T15:00:30+00:00","description":"Draculaz\u00e4hne f\u00fcr Filmproduktionen, ma\u00dfgefertigt von Zahntechnikern in Deutschland. F\u00fcr allerh\u00f6chste Anspr\u00fcche in Qualit\u00e4t und Pr\u00e4zision. Jetzt kaufen.","breadcrumb":{"@id":"https:\/\/alphabite.de\/de\/produkt\/rocking-motion\/#breadcrumb"},"inLanguage":"de","potentialAction":[{"@type":"ReadAction","target":["https:\/\/alphabite.de\/de\/produkt\/rocking-motion\/"]}]},{"@type":"ImageObject","inLanguage":"de","@id":"https:\/\/alphabite.de\/de\/produkt\/rocking-motion\/#primaryimage","url":"https:\/\/alphabite.de\/wp-content\/uploads\/2020\/07\/97A2595-ROCKING-MOTION.jpg","contentUrl":"https:\/\/alphabite.de\/wp-content\/uploads\/2020\/07\/97A2595-ROCKING-MOTION.jpg","width":1200,"height":1600,"caption":"Vampirz\u00e4hne, Filmz\u00e4hne, Effektz\u00e4hne, SFX Z\u00e4hne, SFX Teeth, Vampir fangs, fx teeth, Dentaleffekte, Zombiez\u00e4hne"},{"@type":"BreadcrumbList","@id":"https:\/\/alphabite.de\/de\/produkt\/rocking-motion\/#breadcrumb","itemListElement":[{"@type":"ListItem","position":1,"name":"Startseite","item":"https:\/\/alphabite.de\/de\/"},{"@type":"ListItem","position":2,"name":"Hall of Fangs","item":"https:\/\/alphabite.de\/de\/hall-of-fangs\/"},{"@type":"ListItem","position":3,"name":"ROCKING MOTION"}]},{"@type":"WebSite","@id":"https:\/\/alphabite.de\/de\/#website","url":"https:\/\/alphabite.de\/de\/","name":"alphabite","description":"we are fx teeth","publisher":{"@id":"https:\/\/alphabite.de\/de\/#organization"},"potentialAction":[{"@type":"SearchAction","target":{"@type":"EntryPoint","urlTemplate":"https:\/\/alphabite.de\/de\/?s={search_term_string}"},"query-input":{"@type":"PropertyValueSpecification","valueRequired":true,"valueName":"search_term_string"}}],"inLanguage":"de"},{"@type":"Organization","@id":"https:\/\/alphabite.de\/de\/#organization","name":"alphabite fx teeth","url":"https:\/\/alphabite.de\/de\/","logo":{"@type":"ImageObject","inLanguage":"de","@id":"https:\/\/alphabite.de\/de\/#\/schema\/logo\/image\/","url":"https:\/\/alphabite.de\/wp-content\/uploads\/2020\/07\/AB-Logo-StandardClaim-wei\u00df_RGB-e1594813826369.png","contentUrl":"https:\/\/alphabite.de\/wp-content\/uploads\/2020\/07\/AB-Logo-StandardClaim-wei\u00df_RGB-e1594813826369.png","width":3000,"height":1350,"caption":"alphabite fx teeth"},"image":{"@id":"https:\/\/alphabite.de\/de\/#\/schema\/logo\/image\/"},"sameAs":["https:\/\/www.facebook.com\/alphabitefxteeth","https:\/\/www.instagram.com\/zahnspektakel\/","https:\/\/www.pinterest.de\/alphabitefxteeth\/","https:\/\/www.youtube.com\/channel\/UC0bvo36eq_HJXORZuo4c76A\/"]}]}},"_links":{"self":[{"href":"https:\/\/alphabite.de\/de\/wp-json\/wp\/v2\/product\/10331","targetHints":{"allow":["GET"]}}],"collection":[{"href":"https:\/\/alphabite.de\/de\/wp-json\/wp\/v2\/product"}],"about":[{"href":"https:\/\/alphabite.de\/de\/wp-json\/wp\/v2\/types\/product"}],"replies":[{"embeddable":true,"href":"https:\/\/alphabite.de\/de\/wp-json\/wp\/v2\/comments?post=10331"}],"wp:featuredmedia":[{"embeddable":true,"href":"https:\/\/alphabite.de\/de\/wp-json\/wp\/v2\/media\/9872"}],"wp:attachment":[{"href":"https:\/\/alphabite.de\/de\/wp-json\/wp\/v2\/media?parent=10331"}],"wp:term":[{"taxonomy":"product_brand","embeddable":true,"href":"https:\/\/alphabite.de\/de\/wp-json\/wp\/v2\/product_brand?post=10331"},{"taxonomy":"product_cat","embeddable":true,"href":"https:\/\/alphabite.de\/de\/wp-json\/wp\/v2\/product_cat?post=10331"},{"taxonomy":"product_tag","embeddable":true,"href":"https:\/\/alphabite.de\/de\/wp-json\/wp\/v2\/product_tag?post=10331"}],"curies":[{"name":"wp","href":"https:\/\/api.w.org\/{rel}","templated":true}]}}