{"id":10106,"date":"2020-07-08T02:24:08","date_gmt":"2020-07-08T00:24:08","guid":{"rendered":"https:\/\/alphabite.de\/shipping-costs-and-delivery-times\/"},"modified":"2021-05-28T10:28:22","modified_gmt":"2021-05-28T08:28:22","slug":"versandkosten-und-lieferzeiten","status":"publish","type":"page","link":"https:\/\/alphabite.de\/de\/versandkosten-und-lieferzeiten\/","title":{"rendered":"Versandkosten und Lieferzeiten"},"content":{"rendered":"<section class=\"l-section wpb_row height_medium\"><div class=\"l-section-h i-cf\"><div class=\"g-cols vc_row via_flex valign_top type_default stacking_default\"><div class=\"vc_col-sm-12 wpb_column vc_column_container\"><div class=\"vc_column-inner\"><div class=\"wpb_wrapper\">[vc_custom_heading source=&#8220;post_title&#8220; font_container=&#8220;tag:h1|text_align:left&#8220; use_theme_fonts=&#8220;yes&#8220; css=&#8220;%7B%22mobiles%22%3A%7B%22font-size%22%3A%2236px%22%7D%7D&#8220;]<div class=\"w-separator size_custom\" style=\"height:30px\"><\/div>[vc_custom_heading text=&#8220;Versandkosten&#8220; use_theme_fonts=&#8220;yes&#8220; css=&#8220;%7B%22default%22%3A%7B%22font-weight%22%3A%22400%22%2C%22font-size%22%3A%2236px%22%7D%2C%22tablets%22%3A%7B%22font-weight%22%3A%22400%22%2C%22font-size%22%3A%2236px%22%7D%2C%22mobiles%22%3A%7B%22font-weight%22%3A%22400%22%2C%22font-size%22%3A%2230px%22%7D%7D&#8220;]<div class=\"wpb_text_column us_custom_5e67bbcd\"><div class=\"wpb_wrapper\"><p><strong>Wir versenden dein Produkt mit verschiedenen Versandunternehmen; welche Unternehmen verwendet werden, siehst du am Ende dieser Seite.<\/strong><\/p>\n<p>Um den besten Service f\u00fcr dich garantieren zu k\u00f6nnen, nutzen wir mehrere Versandpartner. Sobald die Ware versendet wird, wird eine Paketnummer generiert, mit der du die Sendung online verfolgen kannst. Die Paketnummer erh\u00e4ltst du per E-Mail.<\/p>\n<p><strong>Die Lieferungen von alphabite\u00ae Produkten erfolgen in alle Mitgliedsstaaten der Europ\u00e4ischen Union und weltweit.<\/strong><\/p>\n<p>Die Versandkosten innerhalb der Europ\u00e4ischen Union werden komplett von uns \u00fcbernommen.<br \/>\nF\u00fcr alle anderen L\u00e4nder berechnen wir die Versandkosten individuell.<\/p>\n<p>Die Versandkosten beinhalten alle Pakete, die an dich und von dir an uns geschickt werden. Das bedeutet, dass ab dem Zeitpunkt deiner Bestellung bis zum Erhalt deiner Effekt-Z\u00e4hne keine weiteren Versandkosten im Zusammenhang mit deiner Bestellung anfallen, unabh\u00e4ngig von der Anzahl der Pakete, deren Gr\u00f6\u00dfe und Gewicht. Verpackungsmaterial ist inbegriffen.<\/p>\n<\/div><\/div><div class=\"w-separator size_custom\" style=\"height:10px\"><\/div>[vc_custom_heading text=&#8220;Lieferzeiten&#8220; use_theme_fonts=&#8220;yes&#8220; css=&#8220;%7B%22default%22%3A%7B%22font-weight%22%3A%22400%22%2C%22font-size%22%3A%2236px%22%7D%2C%22tablets%22%3A%7B%22font-weight%22%3A%22400%22%2C%22font-size%22%3A%2236px%22%7D%2C%22mobiles%22%3A%7B%22font-weight%22%3A%22400%22%2C%22font-size%22%3A%2230px%22%7D%7D&#8220;]<div class=\"wpb_text_column us_custom_5e67bbcd\"><div class=\"wpb_wrapper\"><p>Sobald wir deine Bestellung und die Zahlung erhalten haben, senden wir dir das impression material (Abformmasse) zu.<\/p>\n<p>Voraussichtliche Lieferzeit f\u00fcr das impression material:<br \/>\n<strong>Europa:\u00a0 \u00a0 \u00a0 \u00a0 \u00a0 \u00a0 \u00a0 \u00a0<\/strong>1 \u2013 3 Werktage<br \/>\n<strong>Weltweit:\u00a0 \u00a0 \u00a0 \u00a0 \u00a0\u00a0 <\/strong>4 \u2013 5 Werktage<\/p>\n<p>Nach Erhalt deines Zahnabdrucks dauert es je nach dem von dir gew\u00e4hlten Modell 2 \u2013 3 Wochen, um deine Effekt-Z\u00e4hne herzustellen.<\/p>\n<p>Sobald deine alphabites fertig sind, senden wir sie dir zu.<br \/>\nDie voraussichtliche Lieferzeit f\u00fcr das Endprodukt ist:<br \/>\n<strong>Europa:\u00a0 \u00a0 \u00a0 \u00a0 \u00a0 \u00a0 \u00a0 \u00a0<\/strong>1 \u2013 3 Werktage<br \/>\n<strong>Weltweit:\u00a0 \u00a0 \u00a0 \u00a0 \u00a0 \u00a0<\/strong>4 \u2013 5 Werktage<\/p>\n<\/div><\/div><\/div><\/div><\/div><\/div><\/div><\/section>\n","protected":false},"excerpt":{"rendered":"[vc_custom_heading source=\"post_title\" font_container=\"tag:h1|text_align:left\" use_theme_fonts=\"yes\" css=\"%7B%22mobiles%22%3A%7B%22font-size%22%3A%2236px%22%7D%7D\"][vc_custom_heading text=\"Versandkosten\" use_theme_fonts=\"yes\" css=\"%7B%22default%22%3A%7B%22font-weight%22%3A%22400%22%2C%22font-size%22%3A%2236px%22%7D%2C%22tablets%22%3A%7B%22font-weight%22%3A%22400%22%2C%22font-size%22%3A%2236px%22%7D%2C%22mobiles%22%3A%7B%22font-weight%22%3A%22400%22%2C%22font-size%22%3A%2230px%22%7D%7D\"]Wir versenden dein Produkt mit verschiedenen Versandunternehmen; welche Unternehmen verwendet werden, siehst du am Ende dieser Seite. Um den besten Service f\u00fcr dich garantieren zu k\u00f6nnen, nutzen wir mehrere Versandpartner. Sobald die Ware versendet wird, wird eine Paketnummer generiert, mit der du die Sendung online verfolgen kannst. Die...","protected":false},"author":2,"featured_media":0,"parent":0,"menu_order":0,"comment_status":"closed","ping_status":"closed","template":"","meta":{"inline_featured_image":false,"_joinchat":[],"footnotes":""},"class_list":["post-10106","page","type-page","status-publish","hentry"],"yoast_head":"<!-- This site is optimized with the Yoast SEO plugin v27.3 - https:\/\/yoast.com\/product\/yoast-seo-wordpress\/ -->\n<title>Alle Informationen zu Versandkosten und Lieferzeiten - alphabite<\/title>\n<meta name=\"description\" content=\"Wir geben unser Bestes, um deine Effekt-Z\u00e4hne so schnell wie m\u00f6glich zu dir zu schicken! \u2714 weltweit \u2714 schnelle Lieferung \u2714 europaweit versandkostenfrei\" \/>\n<meta name=\"robots\" content=\"index, follow, max-snippet:-1, max-image-preview:large, max-video-preview:-1\" \/>\n<link rel=\"canonical\" href=\"https:\/\/alphabite.de\/de\/versandkosten-und-lieferzeiten\/\" \/>\n<meta property=\"og:locale\" content=\"de_DE\" \/>\n<meta property=\"og:type\" content=\"article\" \/>\n<meta property=\"og:title\" content=\"Alle Informationen zu Versandkosten und Lieferzeiten - alphabite\" \/>\n<meta property=\"og:description\" content=\"Wir geben unser Bestes, um deine Effekt-Z\u00e4hne so schnell wie m\u00f6glich zu dir zu schicken! \u2714 weltweit \u2714 schnelle Lieferung \u2714 europaweit versandkostenfrei\" \/>\n<meta property=\"og:url\" content=\"https:\/\/alphabite.de\/de\/versandkosten-und-lieferzeiten\/\" \/>\n<meta property=\"og:site_name\" content=\"alphabite\" \/>\n<meta property=\"article:publisher\" content=\"https:\/\/www.facebook.com\/alphabitefxteeth\" \/>\n<meta property=\"article:modified_time\" content=\"2021-05-28T08:28:22+00:00\" \/>\n<meta name=\"twitter:card\" content=\"summary_large_image\" \/>\n<meta name=\"twitter:label1\" content=\"Gesch\u00e4tzte Lesezeit\" \/>\n\t<meta name=\"twitter:data1\" content=\"2\u00a0Minuten\" \/>\n<script type=\"application\/ld+json\" class=\"yoast-schema-graph\">{\"@context\":\"https:\\\/\\\/schema.org\",\"@graph\":[{\"@type\":\"WebPage\",\"@id\":\"https:\\\/\\\/alphabite.de\\\/de\\\/versandkosten-und-lieferzeiten\\\/\",\"url\":\"https:\\\/\\\/alphabite.de\\\/de\\\/versandkosten-und-lieferzeiten\\\/\",\"name\":\"Alle Informationen zu Versandkosten und Lieferzeiten - alphabite\",\"isPartOf\":{\"@id\":\"https:\\\/\\\/alphabite.de\\\/de\\\/#website\"},\"datePublished\":\"2020-07-08T00:24:08+00:00\",\"dateModified\":\"2021-05-28T08:28:22+00:00\",\"description\":\"Wir geben unser Bestes, um deine Effekt-Z\u00e4hne so schnell wie m\u00f6glich zu dir zu schicken! \u2714 weltweit \u2714 schnelle Lieferung \u2714 europaweit versandkostenfrei\",\"breadcrumb\":{\"@id\":\"https:\\\/\\\/alphabite.de\\\/de\\\/versandkosten-und-lieferzeiten\\\/#breadcrumb\"},\"inLanguage\":\"de\",\"potentialAction\":[{\"@type\":\"ReadAction\",\"target\":[\"https:\\\/\\\/alphabite.de\\\/de\\\/versandkosten-und-lieferzeiten\\\/\"]}]},{\"@type\":\"BreadcrumbList\",\"@id\":\"https:\\\/\\\/alphabite.de\\\/de\\\/versandkosten-und-lieferzeiten\\\/#breadcrumb\",\"itemListElement\":[{\"@type\":\"ListItem\",\"position\":1,\"name\":\"Startseite\",\"item\":\"https:\\\/\\\/alphabite.de\\\/de\\\/\"},{\"@type\":\"ListItem\",\"position\":2,\"name\":\"Versandkosten und Lieferzeiten\"}]},{\"@type\":\"WebSite\",\"@id\":\"https:\\\/\\\/alphabite.de\\\/de\\\/#website\",\"url\":\"https:\\\/\\\/alphabite.de\\\/de\\\/\",\"name\":\"alphabite\",\"description\":\"we are fx teeth\",\"publisher\":{\"@id\":\"https:\\\/\\\/alphabite.de\\\/de\\\/#organization\"},\"potentialAction\":[{\"@type\":\"SearchAction\",\"target\":{\"@type\":\"EntryPoint\",\"urlTemplate\":\"https:\\\/\\\/alphabite.de\\\/de\\\/?s={search_term_string}\"},\"query-input\":{\"@type\":\"PropertyValueSpecification\",\"valueRequired\":true,\"valueName\":\"search_term_string\"}}],\"inLanguage\":\"de\"},{\"@type\":\"Organization\",\"@id\":\"https:\\\/\\\/alphabite.de\\\/de\\\/#organization\",\"name\":\"alphabite fx teeth\",\"url\":\"https:\\\/\\\/alphabite.de\\\/de\\\/\",\"logo\":{\"@type\":\"ImageObject\",\"inLanguage\":\"de\",\"@id\":\"https:\\\/\\\/alphabite.de\\\/de\\\/#\\\/schema\\\/logo\\\/image\\\/\",\"url\":\"https:\\\/\\\/alphabite.de\\\/wp-content\\\/uploads\\\/2020\\\/07\\\/AB-Logo-StandardClaim-wei\u00df_RGB-e1594813826369.png\",\"contentUrl\":\"https:\\\/\\\/alphabite.de\\\/wp-content\\\/uploads\\\/2020\\\/07\\\/AB-Logo-StandardClaim-wei\u00df_RGB-e1594813826369.png\",\"width\":3000,\"height\":1350,\"caption\":\"alphabite fx teeth\"},\"image\":{\"@id\":\"https:\\\/\\\/alphabite.de\\\/de\\\/#\\\/schema\\\/logo\\\/image\\\/\"},\"sameAs\":[\"https:\\\/\\\/www.facebook.com\\\/alphabitefxteeth\",\"https:\\\/\\\/www.instagram.com\\\/zahnspektakel\\\/\",\"https:\\\/\\\/www.pinterest.de\\\/alphabitefxteeth\\\/\",\"https:\\\/\\\/www.youtube.com\\\/channel\\\/UC0bvo36eq_HJXORZuo4c76A\\\/\"]}]}<\/script>\n<!-- \/ Yoast SEO plugin. -->","yoast_head_json":{"title":"Alle Informationen zu Versandkosten und Lieferzeiten - alphabite","description":"Wir geben unser Bestes, um deine Effekt-Z\u00e4hne so schnell wie m\u00f6glich zu dir zu schicken! \u2714 weltweit \u2714 schnelle Lieferung \u2714 europaweit versandkostenfrei","robots":{"index":"index","follow":"follow","max-snippet":"max-snippet:-1","max-image-preview":"max-image-preview:large","max-video-preview":"max-video-preview:-1"},"canonical":"https:\/\/alphabite.de\/de\/versandkosten-und-lieferzeiten\/","og_locale":"de_DE","og_type":"article","og_title":"Alle Informationen zu Versandkosten und Lieferzeiten - alphabite","og_description":"Wir geben unser Bestes, um deine Effekt-Z\u00e4hne so schnell wie m\u00f6glich zu dir zu schicken! \u2714 weltweit \u2714 schnelle Lieferung \u2714 europaweit versandkostenfrei","og_url":"https:\/\/alphabite.de\/de\/versandkosten-und-lieferzeiten\/","og_site_name":"alphabite","article_publisher":"https:\/\/www.facebook.com\/alphabitefxteeth","article_modified_time":"2021-05-28T08:28:22+00:00","twitter_card":"summary_large_image","twitter_misc":{"Gesch\u00e4tzte Lesezeit":"2\u00a0Minuten"},"schema":{"@context":"https:\/\/schema.org","@graph":[{"@type":"WebPage","@id":"https:\/\/alphabite.de\/de\/versandkosten-und-lieferzeiten\/","url":"https:\/\/alphabite.de\/de\/versandkosten-und-lieferzeiten\/","name":"Alle Informationen zu Versandkosten und Lieferzeiten - alphabite","isPartOf":{"@id":"https:\/\/alphabite.de\/de\/#website"},"datePublished":"2020-07-08T00:24:08+00:00","dateModified":"2021-05-28T08:28:22+00:00","description":"Wir geben unser Bestes, um deine Effekt-Z\u00e4hne so schnell wie m\u00f6glich zu dir zu schicken! \u2714 weltweit \u2714 schnelle Lieferung \u2714 europaweit versandkostenfrei","breadcrumb":{"@id":"https:\/\/alphabite.de\/de\/versandkosten-und-lieferzeiten\/#breadcrumb"},"inLanguage":"de","potentialAction":[{"@type":"ReadAction","target":["https:\/\/alphabite.de\/de\/versandkosten-und-lieferzeiten\/"]}]},{"@type":"BreadcrumbList","@id":"https:\/\/alphabite.de\/de\/versandkosten-und-lieferzeiten\/#breadcrumb","itemListElement":[{"@type":"ListItem","position":1,"name":"Startseite","item":"https:\/\/alphabite.de\/de\/"},{"@type":"ListItem","position":2,"name":"Versandkosten und Lieferzeiten"}]},{"@type":"WebSite","@id":"https:\/\/alphabite.de\/de\/#website","url":"https:\/\/alphabite.de\/de\/","name":"alphabite","description":"we are fx teeth","publisher":{"@id":"https:\/\/alphabite.de\/de\/#organization"},"potentialAction":[{"@type":"SearchAction","target":{"@type":"EntryPoint","urlTemplate":"https:\/\/alphabite.de\/de\/?s={search_term_string}"},"query-input":{"@type":"PropertyValueSpecification","valueRequired":true,"valueName":"search_term_string"}}],"inLanguage":"de"},{"@type":"Organization","@id":"https:\/\/alphabite.de\/de\/#organization","name":"alphabite fx teeth","url":"https:\/\/alphabite.de\/de\/","logo":{"@type":"ImageObject","inLanguage":"de","@id":"https:\/\/alphabite.de\/de\/#\/schema\/logo\/image\/","url":"https:\/\/alphabite.de\/wp-content\/uploads\/2020\/07\/AB-Logo-StandardClaim-wei\u00df_RGB-e1594813826369.png","contentUrl":"https:\/\/alphabite.de\/wp-content\/uploads\/2020\/07\/AB-Logo-StandardClaim-wei\u00df_RGB-e1594813826369.png","width":3000,"height":1350,"caption":"alphabite fx teeth"},"image":{"@id":"https:\/\/alphabite.de\/de\/#\/schema\/logo\/image\/"},"sameAs":["https:\/\/www.facebook.com\/alphabitefxteeth","https:\/\/www.instagram.com\/zahnspektakel\/","https:\/\/www.pinterest.de\/alphabitefxteeth\/","https:\/\/www.youtube.com\/channel\/UC0bvo36eq_HJXORZuo4c76A\/"]}]}},"_links":{"self":[{"href":"https:\/\/alphabite.de\/de\/wp-json\/wp\/v2\/pages\/10106","targetHints":{"allow":["GET"]}}],"collection":[{"href":"https:\/\/alphabite.de\/de\/wp-json\/wp\/v2\/pages"}],"about":[{"href":"https:\/\/alphabite.de\/de\/wp-json\/wp\/v2\/types\/page"}],"author":[{"embeddable":true,"href":"https:\/\/alphabite.de\/de\/wp-json\/wp\/v2\/users\/2"}],"replies":[{"embeddable":true,"href":"https:\/\/alphabite.de\/de\/wp-json\/wp\/v2\/comments?post=10106"}],"version-history":[{"count":9,"href":"https:\/\/alphabite.de\/de\/wp-json\/wp\/v2\/pages\/10106\/revisions"}],"predecessor-version":[{"id":11238,"href":"https:\/\/alphabite.de\/de\/wp-json\/wp\/v2\/pages\/10106\/revisions\/11238"}],"wp:attachment":[{"href":"https:\/\/alphabite.de\/de\/wp-json\/wp\/v2\/media?parent=10106"}],"curies":[{"name":"wp","href":"https:\/\/api.w.org\/{rel}","templated":true}]}}