{"id":10086,"date":"2020-07-07T15:08:47","date_gmt":"2020-07-07T13:08:47","guid":{"rendered":"https:\/\/alphabite.de\/makeup-artists\/"},"modified":"2021-03-08T14:33:48","modified_gmt":"2021-03-08T13:33:48","slug":"maskenbildner","status":"publish","type":"page","link":"https:\/\/alphabite.de\/de\/maskenbildner\/","title":{"rendered":"Maskenbildner"},"content":{"rendered":"<section class=\"l-section wpb_row height_medium\"><div class=\"l-section-h i-cf\"><div class=\"g-cols vc_row via_flex valign_top type_default stacking_default\"><div class=\"vc_col-sm-12 wpb_column vc_column_container\"><div class=\"vc_column-inner\"><div class=\"wpb_wrapper\">[vc_custom_heading source=&#8220;post_title&#8220; font_container=&#8220;tag:h1|text_align:left&#8220; use_theme_fonts=&#8220;yes&#8220; css=&#8220;%7B%22default%22%3A%7B%22font-size%22%3A%2230px%22%7D%2C%22tablets%22%3A%7B%22font-size%22%3A%2230px%22%7D%2C%22mobiles%22%3A%7B%22text-align%22%3A%22center%22%2C%22font-size%22%3A%2230px%22%7D%7D&#8220;]<div class=\"w-separator size_custom\" style=\"height:30px\"><\/div><div class=\"g-cols wpb_row via_flex valign_top type_default stacking_default\"><div class=\"vc_col-sm-12 vc_hidden-md vc_hidden-sm vc_hidden-xs wpb_column vc_column_container\"><div class=\"vc_column-inner\"><div class=\"wpb_wrapper\">[vc_custom_heading text=&#8220;high professional work<br \/>\nfor your passion&#8220; use_theme_fonts=&#8220;yes&#8220; css=&#8220;%7B%22default%22%3A%7B%22font-weight%22%3A%22700%22%2C%22font-size%22%3A%2280px%22%7D%7D&#8220;]<\/div><\/div><\/div><\/div><div class=\"g-cols wpb_row via_flex valign_top type_default stacking_default\"><div class=\"vc_col-sm-12 vc_hidden-lg wpb_column vc_column_container\"><div class=\"vc_column-inner\"><div class=\"wpb_wrapper\">[vc_custom_heading text=&#8220;high professional work for your passion&#8220; use_theme_fonts=&#8220;yes&#8220; css=&#8220;%7B%22default%22%3A%7B%22font-weight%22%3A%22700%22%2C%22font-size%22%3A%2280px%22%7D%2C%22tablets%22%3A%7B%22font-weight%22%3A%22700%22%2C%22font-size%22%3A%2280px%22%7D%2C%22mobiles%22%3A%7B%22font-weight%22%3A%22700%22%2C%22font-size%22%3A%2252px%22%7D%7D&#8220;]<\/div><\/div><\/div><\/div><\/div><\/div><\/div><\/div><\/div><\/section><section class=\"l-section wpb_row height_auto\"><div class=\"l-section-h i-cf\"><div class=\"g-cols vc_row via_flex valign_top type_default stacking_default\"><div class=\"vc_col-sm-12 wpb_column vc_column_container\"><div class=\"vc_column-inner\"><div class=\"wpb_wrapper\"><div class=\"wpb_text_column\"><div class=\"wpb_wrapper\"><p class=\"p1\">Kurz gesagt: Ehrlichkeit und Engagement sind uns wichtig. Als potenzieller Partner hast du auch deine eigenen Vorstellungen.<br \/>\nWirf also zun\u00e4chst einen Blick auf unsere Produkte. Wenn wir der Partner sind, den du suchst, dann kontaktiere uns.<\/p>\n<\/div><\/div><div class=\"w-separator size_custom\" style=\"height:30px\"><\/div><div class=\"w-btn-wrapper align_none\"><a class=\"w-btn us-btn-style_10\" target=\"_blank\" rel=\"nofollow\" href=\"https:\/\/alphabite.de\/wp-content\/uploads\/2021\/03\/Information-fu\u0308r-Maskenbildnerinnen-alphabite.pdf\"><span class=\"w-btn-label\">Download Infodokument<\/span><\/a><\/div><\/div><\/div><\/div><\/div><\/div><\/section><!-- Row Backgrounds --><div class=\"upb_color\" data-bg-override=\"0\" data-bg-color=\"\" data-fadeout=\"\" data-fadeout-percentage=\"30\" data-parallax-content=\"\" data-parallax-content-sense=\"30\" data-row-effect-mobile-disable=\"true\" data-img-parallax-mobile-disable=\"true\" data-rtl=\"false\"  data-custom-vc-row=\"\"  data-vc=\"8.7.2\"  data-is_old_vc=\"\"  data-theme-support=\"\"   data-overlay=\"false\" data-overlay-color=\"\" data-overlay-pattern=\"\" data-overlay-pattern-opacity=\"\" data-overlay-pattern-size=\"\"    ><\/div><section class=\"l-section wpb_row height_auto\"><div class=\"l-section-h i-cf\"><div class=\"g-cols vc_row via_flex valign_top type_default stacking_default\"><div class=\"vc_col-sm-12 wpb_column vc_column_container\"><div class=\"vc_column-inner\"><div class=\"wpb_wrapper\"><div class=\"w-separator size_custom\" style=\"height:80px\" id=\"ue04\"><style>@media(max-width:600px){ #ue04{height:60px!important}}<\/style><\/div>[vc_custom_heading text=&#8220;Warum zusammenarbeiten?&#8220; google_fonts=&#8220;font_family:Open%20Sans%3A300%2C300italic%2Cregular%2Citalic%2C600%2C600italic%2C700%2C700italic%2C800%2C800italic|font_style:700%20bold%20regular%3A700%3Anormal&#8220; css=&#8220;%7B%22default%22%3A%7B%22font-weight%22%3A%22300%22%2C%22font-size%22%3A%2260px%22%7D%2C%22tablets%22%3A%7B%22font-weight%22%3A%22300%22%2C%22font-size%22%3A%2260px%22%7D%2C%22mobiles%22%3A%7B%22text-align%22%3A%22center%22%2C%22font-weight%22%3A%22300%22%2C%22font-size%22%3A%2260px%22%7D%7D&#8220;]<div class=\"w-separator size_custom\" style=\"height:50px\" id=\"xff3\"><style>@media(max-width:600px){ #xff3{height:30px!important}}<\/style><\/div><div class=\"g-cols wpb_row via_flex valign_top type_default stacking_default\"><div class=\"vc_col-sm-4 wpb_column vc_column_container\"><div class=\"vc_column-inner\"><div class=\"wpb_wrapper\"><div class=\"w-iconbox iconpos_top style_default color_custom align_center\"><div class=\"w-iconbox-icon\" style=\"font-size:2rem;--icon-color:#999999;\"><i class=\"fas fa-gift\"><\/i><\/div><div class=\"w-iconbox-meta\"><h4 class=\"w-iconbox-title\">Kostenfreies Produktmuster<\/h4><div class=\"w-iconbox-text\"><p>\u00dcberzeuge dich von unserer Qualit\u00e4t. Bedeutet: Keine Kosten und kein Risiko f\u00fcr dich.<\/p>\n<\/div><\/div><\/div><\/div><\/div><\/div><div class=\"vc_col-sm-4 wpb_column vc_column_container\"><div class=\"vc_column-inner\"><div class=\"wpb_wrapper\"><div class=\"w-iconbox iconpos_top style_default color_custom align_center\"><div class=\"w-iconbox-icon\" style=\"font-size:2rem;--icon-color:#999999;\"><i class=\"fas fa-user-shield\"><\/i><\/div><div class=\"w-iconbox-meta\"><h4 class=\"w-iconbox-title\">Haftung<\/h4><div class=\"w-iconbox-text\"><p>Verlasse dich auf uns: Wir \u00fcbernehmen die volle Verantwortung f\u00fcr alle Haftungsfragen.<\/p>\n<\/div><\/div><\/div><\/div><\/div><\/div><div class=\"vc_col-sm-4 wpb_column vc_column_container\"><div class=\"vc_column-inner\"><div class=\"wpb_wrapper\"><div class=\"w-iconbox iconpos_top style_default color_custom align_center\"><div class=\"w-iconbox-icon\" style=\"font-size:2rem;--icon-color:#999999;\"><i class=\"fas fa-comments\"><\/i><\/div><div class=\"w-iconbox-meta\"><h4 class=\"w-iconbox-title\">Unkompliziert<\/h4><div class=\"w-iconbox-text\"><p>Schnelle Kommunikation, schnelle Reaktion. Egal ob per WhatsApp, telefonisch oder per Mail.<\/p>\n<\/div><\/div><\/div><\/div><\/div><\/div><\/div><div class=\"w-separator size_custom\" style=\"height:50px\" id=\"v45b\"><style>@media(max-width:600px){ #v45b{height:20px!important}}<\/style><\/div><div class=\"g-cols wpb_row via_flex valign_top type_default stacking_default\"><div class=\"vc_col-sm-4 wpb_column vc_column_container\"><div class=\"vc_column-inner\"><div class=\"wpb_wrapper\"><div class=\"w-iconbox iconpos_top style_default color_custom align_center\"><div class=\"w-iconbox-icon\" style=\"font-size:2rem;--icon-color:#999999;\"><i class=\"fas fa-globe-americas\"><\/i><\/div><div class=\"w-iconbox-meta\"><h4 class=\"w-iconbox-title\">Weltweit<\/h4><div class=\"w-iconbox-text\"><p>Wir arbeiten f\u00fcr Projekte in aller Welt. Mit mobilem 3D Scanner und Manufaktur in Deutschland.<\/p>\n<\/div><\/div><\/div><\/div><\/div><\/div><div class=\"vc_col-sm-4 wpb_column vc_column_container\"><div class=\"vc_column-inner\"><div class=\"wpb_wrapper\"><div class=\"w-iconbox iconpos_top style_default color_custom align_center\"><div class=\"w-iconbox-icon\" style=\"font-size:2rem;--icon-color:#999999;\"><i class=\"fas fa-users\"><\/i><\/div><div class=\"w-iconbox-meta\"><h4 class=\"w-iconbox-title\">H\u00f6chste Anspr\u00fcche<\/h4><div class=\"w-iconbox-text\"><p>Qualit\u00e4t, Verl\u00e4sslichkeit, Service: dank Zahntechnikern mit \u00fcber 30 Jahren Erfahrung.<\/p>\n<\/div><\/div><\/div><\/div><\/div><\/div><div class=\"vc_col-sm-4 wpb_column vc_column_container\"><div class=\"vc_column-inner\"><div class=\"wpb_wrapper\"><div class=\"w-iconbox iconpos_top style_default color_custom align_center\"><div class=\"w-iconbox-icon\" style=\"font-size:2rem;--icon-color:#999999;\"><i class=\"fas fa-clock\"><\/i><\/div><div class=\"w-iconbox-meta\"><h4 class=\"w-iconbox-title\">24\/7 Service<\/h4><div class=\"w-iconbox-text\"><p>Professionelle Effektz\u00e4hne bekommen PRO-Support. Wir sind aktiv, wenn du uns brauchst.<\/p>\n<\/div><\/div><\/div><\/div><\/div><\/div><\/div><div class=\"g-cols wpb_row via_flex valign_top type_default stacking_default\"><div class=\"vc_col-sm-12 wpb_column vc_column_container\"><div class=\"vc_column-inner\"><div class=\"wpb_wrapper\"><div class=\"w-separator size_custom\" style=\"height:100px\" id=\"rc1d\"><style>@media(max-width:600px){ #rc1d{height:50px!important}}<\/style><\/div><\/div><\/div><\/div><\/div><div class=\"g-cols wpb_row via_flex valign_top type_default stacking_default\"><div class=\"vc_col-sm-3 wpb_column vc_column_container\"><div class=\"vc_column-inner\"><div class=\"wpb_wrapper\"><\/div><\/div><\/div><div class=\"vc_col-sm-3 wpb_column vc_column_container\"><div class=\"vc_column-inner\"><div class=\"wpb_wrapper\"><div class=\"w-btn-wrapper align_center\"><a class=\"w-btn us-btn-style_10 us_custom_1d125851\" href=\"\/de\/shop\/\"><span class=\"w-btn-label\">Produkte sehen<\/span><\/a><\/div><\/div><\/div><\/div><div class=\"vc_col-sm-3 wpb_column vc_column_container\"><div class=\"vc_column-inner\"><div class=\"wpb_wrapper\"><div class=\"w-btn-wrapper align_center\"><a class=\"w-btn us-btn-style_10 us_custom_1d125851\" title=\"Kontakt\" href=\"https:\/\/alphabite.de\/de\/kontakt\/\"><span class=\"w-btn-label\">Kontaktiere uns<\/span><\/a><\/div><\/div><\/div><\/div><div class=\"vc_col-sm-3 wpb_column vc_column_container\"><div class=\"vc_column-inner\"><div class=\"wpb_wrapper\"><\/div><\/div><\/div><\/div><div class=\"w-separator size_custom\" style=\"height:100px\" id=\"we17\"><style>@media(max-width:600px){ #we17{height:50px!important}}<\/style><\/div><\/div><\/div><\/div><\/div><\/div><\/section>\n","protected":false},"excerpt":{"rendered":"[vc_custom_heading source=\"post_title\" font_container=\"tag:h1|text_align:left\" use_theme_fonts=\"yes\" css=\"%7B%22default%22%3A%7B%22font-size%22%3A%2230px%22%7D%2C%22tablets%22%3A%7B%22font-size%22%3A%2230px%22%7D%2C%22mobiles%22%3A%7B%22text-align%22%3A%22center%22%2C%22font-size%22%3A%2230px%22%7D%7D\"][vc_custom_heading text=\"high professional work for your passion\" use_theme_fonts=\"yes\" css=\"%7B%22default%22%3A%7B%22font-weight%22%3A%22700%22%2C%22font-size%22%3A%2280px%22%7D%7D\"][vc_custom_heading text=\"high professional work for your passion\" use_theme_fonts=\"yes\" css=\"%7B%22default%22%3A%7B%22font-weight%22%3A%22700%22%2C%22font-size%22%3A%2280px%22%7D%2C%22tablets%22%3A%7B%22font-weight%22%3A%22700%22%2C%22font-size%22%3A%2280px%22%7D%2C%22mobiles%22%3A%7B%22font-weight%22%3A%22700%22%2C%22font-size%22%3A%2252px%22%7D%7D\"] Kurz gesagt: Ehrlichkeit und Engagement sind uns wichtig. Als potenzieller Partner hast du auch deine eigenen Vorstellungen. Wirf also zun\u00e4chst einen Blick auf unsere Produkte. Wenn wir der Partner sind, den du suchst, dann...","protected":false},"author":2,"featured_media":0,"parent":0,"menu_order":0,"comment_status":"closed","ping_status":"closed","template":"","meta":{"inline_featured_image":false,"_joinchat":[],"footnotes":""},"class_list":["post-10086","page","type-page","status-publish","hentry"],"yoast_head":"<!-- This site is optimized with the Yoast SEO plugin v27.3 - https:\/\/yoast.com\/product\/yoast-seo-wordpress\/ -->\n<title>Kooperation Maskenbildner - alphabite<\/title>\n<meta name=\"description\" content=\"Ganz nach deinen individuellen W\u00fcnschen unterst\u00fctzen wir dich bei der Ideenfindung, Kreation und Produktion von Effektz\u00e4hnen.\" \/>\n<meta name=\"robots\" content=\"index, follow, max-snippet:-1, max-image-preview:large, max-video-preview:-1\" \/>\n<link rel=\"canonical\" href=\"https:\/\/alphabite.de\/de\/maskenbildner\/\" \/>\n<meta property=\"og:locale\" content=\"de_DE\" \/>\n<meta property=\"og:type\" content=\"article\" \/>\n<meta property=\"og:title\" content=\"Kooperation Maskenbildner - alphabite\" \/>\n<meta property=\"og:description\" content=\"Ganz nach deinen individuellen W\u00fcnschen unterst\u00fctzen wir dich bei der Ideenfindung, Kreation und Produktion von Effektz\u00e4hnen.\" \/>\n<meta property=\"og:url\" content=\"https:\/\/alphabite.de\/de\/maskenbildner\/\" \/>\n<meta property=\"og:site_name\" content=\"alphabite\" \/>\n<meta property=\"article:publisher\" content=\"https:\/\/www.facebook.com\/alphabitefxteeth\" \/>\n<meta property=\"article:modified_time\" content=\"2021-03-08T13:33:48+00:00\" \/>\n<meta name=\"twitter:card\" content=\"summary_large_image\" \/>\n<meta name=\"twitter:label1\" content=\"Gesch\u00e4tzte Lesezeit\" \/>\n\t<meta name=\"twitter:data1\" content=\"4\u00a0Minuten\" \/>\n<script type=\"application\/ld+json\" class=\"yoast-schema-graph\">{\"@context\":\"https:\\\/\\\/schema.org\",\"@graph\":[{\"@type\":\"WebPage\",\"@id\":\"https:\\\/\\\/alphabite.de\\\/de\\\/maskenbildner\\\/\",\"url\":\"https:\\\/\\\/alphabite.de\\\/de\\\/maskenbildner\\\/\",\"name\":\"Kooperation Maskenbildner - alphabite\",\"isPartOf\":{\"@id\":\"https:\\\/\\\/alphabite.de\\\/de\\\/#website\"},\"datePublished\":\"2020-07-07T13:08:47+00:00\",\"dateModified\":\"2021-03-08T13:33:48+00:00\",\"description\":\"Ganz nach deinen individuellen W\u00fcnschen unterst\u00fctzen wir dich bei der Ideenfindung, Kreation und Produktion von Effektz\u00e4hnen.\",\"breadcrumb\":{\"@id\":\"https:\\\/\\\/alphabite.de\\\/de\\\/maskenbildner\\\/#breadcrumb\"},\"inLanguage\":\"de\",\"potentialAction\":[{\"@type\":\"ReadAction\",\"target\":[\"https:\\\/\\\/alphabite.de\\\/de\\\/maskenbildner\\\/\"]}]},{\"@type\":\"BreadcrumbList\",\"@id\":\"https:\\\/\\\/alphabite.de\\\/de\\\/maskenbildner\\\/#breadcrumb\",\"itemListElement\":[{\"@type\":\"ListItem\",\"position\":1,\"name\":\"Startseite\",\"item\":\"https:\\\/\\\/alphabite.de\\\/de\\\/\"},{\"@type\":\"ListItem\",\"position\":2,\"name\":\"Maskenbildner\"}]},{\"@type\":\"WebSite\",\"@id\":\"https:\\\/\\\/alphabite.de\\\/de\\\/#website\",\"url\":\"https:\\\/\\\/alphabite.de\\\/de\\\/\",\"name\":\"alphabite\",\"description\":\"we are fx teeth\",\"publisher\":{\"@id\":\"https:\\\/\\\/alphabite.de\\\/de\\\/#organization\"},\"potentialAction\":[{\"@type\":\"SearchAction\",\"target\":{\"@type\":\"EntryPoint\",\"urlTemplate\":\"https:\\\/\\\/alphabite.de\\\/de\\\/?s={search_term_string}\"},\"query-input\":{\"@type\":\"PropertyValueSpecification\",\"valueRequired\":true,\"valueName\":\"search_term_string\"}}],\"inLanguage\":\"de\"},{\"@type\":\"Organization\",\"@id\":\"https:\\\/\\\/alphabite.de\\\/de\\\/#organization\",\"name\":\"alphabite fx teeth\",\"url\":\"https:\\\/\\\/alphabite.de\\\/de\\\/\",\"logo\":{\"@type\":\"ImageObject\",\"inLanguage\":\"de\",\"@id\":\"https:\\\/\\\/alphabite.de\\\/de\\\/#\\\/schema\\\/logo\\\/image\\\/\",\"url\":\"https:\\\/\\\/alphabite.de\\\/wp-content\\\/uploads\\\/2020\\\/07\\\/AB-Logo-StandardClaim-wei\u00df_RGB-e1594813826369.png\",\"contentUrl\":\"https:\\\/\\\/alphabite.de\\\/wp-content\\\/uploads\\\/2020\\\/07\\\/AB-Logo-StandardClaim-wei\u00df_RGB-e1594813826369.png\",\"width\":3000,\"height\":1350,\"caption\":\"alphabite fx teeth\"},\"image\":{\"@id\":\"https:\\\/\\\/alphabite.de\\\/de\\\/#\\\/schema\\\/logo\\\/image\\\/\"},\"sameAs\":[\"https:\\\/\\\/www.facebook.com\\\/alphabitefxteeth\",\"https:\\\/\\\/www.instagram.com\\\/zahnspektakel\\\/\",\"https:\\\/\\\/www.pinterest.de\\\/alphabitefxteeth\\\/\",\"https:\\\/\\\/www.youtube.com\\\/channel\\\/UC0bvo36eq_HJXORZuo4c76A\\\/\"]}]}<\/script>\n<!-- \/ Yoast SEO plugin. -->","yoast_head_json":{"title":"Kooperation Maskenbildner - alphabite","description":"Ganz nach deinen individuellen W\u00fcnschen unterst\u00fctzen wir dich bei der Ideenfindung, Kreation und Produktion von Effektz\u00e4hnen.","robots":{"index":"index","follow":"follow","max-snippet":"max-snippet:-1","max-image-preview":"max-image-preview:large","max-video-preview":"max-video-preview:-1"},"canonical":"https:\/\/alphabite.de\/de\/maskenbildner\/","og_locale":"de_DE","og_type":"article","og_title":"Kooperation Maskenbildner - alphabite","og_description":"Ganz nach deinen individuellen W\u00fcnschen unterst\u00fctzen wir dich bei der Ideenfindung, Kreation und Produktion von Effektz\u00e4hnen.","og_url":"https:\/\/alphabite.de\/de\/maskenbildner\/","og_site_name":"alphabite","article_publisher":"https:\/\/www.facebook.com\/alphabitefxteeth","article_modified_time":"2021-03-08T13:33:48+00:00","twitter_card":"summary_large_image","twitter_misc":{"Gesch\u00e4tzte Lesezeit":"4\u00a0Minuten"},"schema":{"@context":"https:\/\/schema.org","@graph":[{"@type":"WebPage","@id":"https:\/\/alphabite.de\/de\/maskenbildner\/","url":"https:\/\/alphabite.de\/de\/maskenbildner\/","name":"Kooperation Maskenbildner - alphabite","isPartOf":{"@id":"https:\/\/alphabite.de\/de\/#website"},"datePublished":"2020-07-07T13:08:47+00:00","dateModified":"2021-03-08T13:33:48+00:00","description":"Ganz nach deinen individuellen W\u00fcnschen unterst\u00fctzen wir dich bei der Ideenfindung, Kreation und Produktion von Effektz\u00e4hnen.","breadcrumb":{"@id":"https:\/\/alphabite.de\/de\/maskenbildner\/#breadcrumb"},"inLanguage":"de","potentialAction":[{"@type":"ReadAction","target":["https:\/\/alphabite.de\/de\/maskenbildner\/"]}]},{"@type":"BreadcrumbList","@id":"https:\/\/alphabite.de\/de\/maskenbildner\/#breadcrumb","itemListElement":[{"@type":"ListItem","position":1,"name":"Startseite","item":"https:\/\/alphabite.de\/de\/"},{"@type":"ListItem","position":2,"name":"Maskenbildner"}]},{"@type":"WebSite","@id":"https:\/\/alphabite.de\/de\/#website","url":"https:\/\/alphabite.de\/de\/","name":"alphabite","description":"we are fx teeth","publisher":{"@id":"https:\/\/alphabite.de\/de\/#organization"},"potentialAction":[{"@type":"SearchAction","target":{"@type":"EntryPoint","urlTemplate":"https:\/\/alphabite.de\/de\/?s={search_term_string}"},"query-input":{"@type":"PropertyValueSpecification","valueRequired":true,"valueName":"search_term_string"}}],"inLanguage":"de"},{"@type":"Organization","@id":"https:\/\/alphabite.de\/de\/#organization","name":"alphabite fx teeth","url":"https:\/\/alphabite.de\/de\/","logo":{"@type":"ImageObject","inLanguage":"de","@id":"https:\/\/alphabite.de\/de\/#\/schema\/logo\/image\/","url":"https:\/\/alphabite.de\/wp-content\/uploads\/2020\/07\/AB-Logo-StandardClaim-wei\u00df_RGB-e1594813826369.png","contentUrl":"https:\/\/alphabite.de\/wp-content\/uploads\/2020\/07\/AB-Logo-StandardClaim-wei\u00df_RGB-e1594813826369.png","width":3000,"height":1350,"caption":"alphabite fx teeth"},"image":{"@id":"https:\/\/alphabite.de\/de\/#\/schema\/logo\/image\/"},"sameAs":["https:\/\/www.facebook.com\/alphabitefxteeth","https:\/\/www.instagram.com\/zahnspektakel\/","https:\/\/www.pinterest.de\/alphabitefxteeth\/","https:\/\/www.youtube.com\/channel\/UC0bvo36eq_HJXORZuo4c76A\/"]}]}},"_links":{"self":[{"href":"https:\/\/alphabite.de\/de\/wp-json\/wp\/v2\/pages\/10086","targetHints":{"allow":["GET"]}}],"collection":[{"href":"https:\/\/alphabite.de\/de\/wp-json\/wp\/v2\/pages"}],"about":[{"href":"https:\/\/alphabite.de\/de\/wp-json\/wp\/v2\/types\/page"}],"author":[{"embeddable":true,"href":"https:\/\/alphabite.de\/de\/wp-json\/wp\/v2\/users\/2"}],"replies":[{"embeddable":true,"href":"https:\/\/alphabite.de\/de\/wp-json\/wp\/v2\/comments?post=10086"}],"version-history":[{"count":9,"href":"https:\/\/alphabite.de\/de\/wp-json\/wp\/v2\/pages\/10086\/revisions"}],"predecessor-version":[{"id":11229,"href":"https:\/\/alphabite.de\/de\/wp-json\/wp\/v2\/pages\/10086\/revisions\/11229"}],"wp:attachment":[{"href":"https:\/\/alphabite.de\/de\/wp-json\/wp\/v2\/media?parent=10086"}],"curies":[{"name":"wp","href":"https:\/\/api.w.org\/{rel}","templated":true}]}}