{"id":10069,"date":"2020-07-07T15:04:23","date_gmt":"2020-07-07T13:04:23","guid":{"rendered":"https:\/\/alphabite.de\/filmmakers\/"},"modified":"2020-11-17T12:00:30","modified_gmt":"2020-11-17T11:00:30","slug":"filmproduzenten","status":"publish","type":"page","link":"https:\/\/alphabite.de\/de\/filmproduzenten\/","title":{"rendered":"Filmproduzenten"},"content":{"rendered":"<section class=\"l-section wpb_row height_medium\"><div class=\"l-section-h i-cf\"><div class=\"g-cols vc_row via_flex valign_top type_default stacking_default\"><div class=\"vc_col-sm-12 wpb_column vc_column_container\"><div class=\"vc_column-inner\"><div class=\"wpb_wrapper\">[vc_custom_heading source=&#8220;post_title&#8220; font_container=&#8220;tag:h1|text_align:left&#8220; use_theme_fonts=&#8220;yes&#8220; css=&#8220;%7B%22default%22%3A%7B%22font-size%22%3A%2230px%22%7D%7D&#8220;]<div class=\"w-separator size_custom\" style=\"height:30px\"><\/div><div class=\"g-cols wpb_row via_flex valign_top type_default stacking_default\"><div class=\"vc_col-sm-12 wpb_column vc_column_container\"><div class=\"vc_column-inner\"><div class=\"wpb_wrapper\">[vc_custom_heading text=&#8220;finest fx teeth for<br \/>\nmotion picture&#8220; use_theme_fonts=&#8220;yes&#8220; css=&#8220;%7B%22default%22%3A%7B%22font-weight%22%3A%22700%22%2C%22font-size%22%3A%2280px%22%7D%2C%22tablets%22%3A%7B%22font-weight%22%3A%22700%22%2C%22font-size%22%3A%2280px%22%7D%2C%22mobiles%22%3A%7B%22font-weight%22%3A%22700%22%2C%22font-size%22%3A%2260px%22%7D%7D&#8220;]<\/div><\/div><\/div><\/div><\/div><\/div><\/div><\/div><\/div><\/section><section class=\"l-section wpb_row height_auto\"><div class=\"l-section-h i-cf\"><div class=\"g-cols vc_row via_flex valign_top type_default stacking_default\"><div class=\"vc_col-sm-12 wpb_column vc_column_container\"><div class=\"vc_column-inner\"><div class=\"wpb_wrapper\"><div class=\"g-cols wpb_row via_flex valign_top type_default stacking_default\"><div class=\"vc_col-sm-12 wpb_column vc_column_container\"><div class=\"vc_column-inner\"><div class=\"wpb_wrapper\"><div class=\"wpb_text_column\"><div class=\"wpb_wrapper\"><p>Wir unterst\u00fctzen dich rund um das Thema Effektz\u00e4hne (fx-teeth). Angefangen bei der Produktionsplanung eines Films \u00fcber die eigentliche Produktion bis hin zur Postproduktion oder VFX-Animation. Selbstverst\u00e4ndlich streng vertraulich, wenn du das w\u00fcnschst.<\/p>\n<p><strong>Drehbuch &amp; Produktionsplanung:<\/strong><\/p>\n<p>Gerne tragen wir in der Vorproduktionsphase von Effektz\u00e4hnen mit unserem Wissen bei. Unsere Zahntechnikermeister arbeiten eng mit Regisseuren und Filmproduzenten zusammen, um sowohl bei kleinen als auch bei gro\u00dfen Produktionen die besten Ergebnisse zu erzielen. F\u00fcr eine hundertprozentige Genauigkeit der Effektz\u00e4hne verwenden wir die neueste Technologie, um ein 3D-Bild der Z\u00e4hne des Schauspielers zu erstellen.<\/p>\n<p><strong>Filmproduktion (Open-Air\/Studio)<\/strong><\/p>\n<p>Wir begleiten die Dreharbeiten, wobei wir uns um die Effektz\u00e4hne der Schauspieler k\u00fcmmern und gegebenenfalls vor Ort Anpassungen vornehmen. Wir f\u00fchren unsere Spezialausr\u00fcstung bei jedem Auftrag mit, um auf alles vorbereitet zu sein. Wir ersetzen nicht den Job eines Maskenbildners, sondern sind der verantwortliche Ansprechpartner f\u00fcr die Effektz\u00e4hne. Gerne arbeiten wir auch eng mit deinen Stylisten und Visagisten zusammen.<\/p>\n<p><strong>Postproduktion\/Animation<\/strong><\/p>\n<p>Wir unterst\u00fctzen auch Filmproduzenten, Cutter oder VFX-Spezialisten bei der Postproduktion oder Animation von Filmen. Hier achten wir zum Beispiel auf die korrekte Bewegung der Gesichtsmuskulatur und Gestik, besonders beim Sprechen oder Singen.<\/p>\n<p>Wir haben gro\u00dfe Visionen und lieben, was wir tun. Also lass uns zusammenarbeiten, wenn es dir genauso geht!<\/p>\n<\/div><\/div><\/div><\/div><\/div><\/div><\/div><\/div><\/div><\/div><\/div><\/section><section class=\"l-section wpb_row height_medium\"><div class=\"l-section-h i-cf\"><div class=\"g-cols vc_row via_flex valign_top type_default stacking_default\"><div class=\"vc_col-sm-12 wpb_column vc_column_container\"><div class=\"vc_column-inner\"><div class=\"wpb_wrapper\"><div class=\"g-cols wpb_row via_flex valign_top type_default stacking_default\"><div class=\"vc_col-sm-3 vc_hidden-md vc_hidden-sm vc_hidden-xs wpb_column vc_column_container\"><div class=\"vc_column-inner\"><div class=\"wpb_wrapper\"><div class=\"w-iconbox iconpos_left style_default color_secondary align_left no_text\"><div class=\"w-iconbox-icon\" style=\"font-size:30px;\"><i class=\"fal fa-at\"><\/i><\/div><div class=\"w-iconbox-meta\"><h4 class=\"w-iconbox-title\">E-Mail<\/h4><\/div><\/div><div class=\"w-separator size_custom\" style=\"height:10px\"><\/div>[vc_custom_heading text=&#8220;motionpicture@alphabite.de&#8220; font_container=&#8220;tag:p|text_align:left&#8220; google_fonts=&#8220;font_family:Open%20Sans%3A300%2C300italic%2Cregular%2Citalic%2C600%2C600italic%2C700%2C700italic%2C800%2C800italic|font_style:400%20regular%3A400%3Anormal&#8220; link=&#8220;url:mailto%3Amotionpicture%40alphabite.de|||&#8220; css=&#8220;%7B%22default%22%3A%7B%22color%22%3A%22%23e5e5e5%22%2C%22font-family%22%3A%22body%22%2C%22font-size%22%3A%2216px%22%7D%7D&#8220;]<\/div><\/div><\/div><div class=\"vc_col-sm-3 vc_hidden-md vc_hidden-sm vc_hidden-xs wpb_column vc_column_container\"><div class=\"vc_column-inner us_custom_eb849559\"><div class=\"wpb_wrapper\"><div class=\"w-iconbox iconpos_left style_default color_secondary align_left no_text\"><div class=\"w-iconbox-icon\" style=\"font-size:30px;\"><i class=\"fal fa-hashtag\"><\/i><\/div><div class=\"w-iconbox-meta\"><h4 class=\"w-iconbox-title\">Social Networks<\/h4><\/div><\/div><div class=\"w-separator size_custom\" style=\"height:10px\"><\/div>[vc_custom_heading text=&#8220;alphabitefxteeth #wearefxteeth&#8220; font_container=&#8220;tag:p|text_align:left&#8220; use_theme_fonts=&#8220;yes&#8220; css=&#8220;%7B%22default%22%3A%7B%22font-size%22%3A%2216px%22%7D%7D&#8220;]<\/div><\/div><\/div><div class=\"vc_col-sm-6 vc_hidden-md vc_hidden-sm vc_hidden-xs wpb_column vc_column_container\"><div class=\"vc_column-inner\"><div class=\"wpb_wrapper\"><\/div><\/div><\/div><\/div><div class=\"g-cols wpb_row via_flex valign_top type_default stacking_default\"><div class=\"vc_col-sm-12 vc_hidden-lg wpb_column vc_column_container\"><div class=\"vc_column-inner\"><div class=\"wpb_wrapper\"><div class=\"w-iconbox iconpos_left style_default color_secondary align_left no_text\"><div class=\"w-iconbox-icon\" style=\"font-size:30px;\"><i class=\"fal fa-at\"><\/i><\/div><div class=\"w-iconbox-meta\"><h4 class=\"w-iconbox-title\">E-Mail<\/h4><\/div><\/div><div class=\"w-separator size_custom\" style=\"height:10px\"><\/div>[vc_custom_heading text=&#8220;motionpicture@alphabite.de&#8220; font_container=&#8220;tag:p|text_align:left&#8220; google_fonts=&#8220;font_family:Open%20Sans%3A300%2C300italic%2Cregular%2Citalic%2C600%2C600italic%2C700%2C700italic%2C800%2C800italic|font_style:400%20regular%3A400%3Anormal&#8220; link=&#8220;url:mailto%3Amotionpicture%40alphabite.de|||&#8220; css=&#8220;%7B%22default%22%3A%7B%22color%22%3A%22%23e5e5e5%22%2C%22font-family%22%3A%22body%22%2C%22font-size%22%3A%2216px%22%7D%7D&#8220;]<div class=\"w-iconbox iconpos_left style_default color_secondary align_left no_text\"><div class=\"w-iconbox-icon\" style=\"font-size:30px;\"><i class=\"fal fa-hashtag\"><\/i><\/div><div class=\"w-iconbox-meta\"><h4 class=\"w-iconbox-title\">Social Networks<\/h4><\/div><\/div><div class=\"w-separator size_custom\" style=\"height:10px\"><\/div>[vc_custom_heading text=&#8220;alphabitefxteeth #wearefxteeth&#8220; font_container=&#8220;tag:p|text_align:left&#8220; use_theme_fonts=&#8220;yes&#8220; css=&#8220;%7B%22default%22%3A%7B%22font-size%22%3A%2216px%22%7D%7D&#8220;]<\/div><\/div><\/div><\/div><\/div><\/div><\/div><\/div><\/div><\/section>\n","protected":false},"excerpt":{"rendered":"[vc_custom_heading source=\"post_title\" font_container=\"tag:h1|text_align:left\" use_theme_fonts=\"yes\" css=\"%7B%22default%22%3A%7B%22font-size%22%3A%2230px%22%7D%7D\"][vc_custom_heading text=\"finest fx teeth for motion picture\" use_theme_fonts=\"yes\" css=\"%7B%22default%22%3A%7B%22font-weight%22%3A%22700%22%2C%22font-size%22%3A%2280px%22%7D%2C%22tablets%22%3A%7B%22font-weight%22%3A%22700%22%2C%22font-size%22%3A%2280px%22%7D%2C%22mobiles%22%3A%7B%22font-weight%22%3A%22700%22%2C%22font-size%22%3A%2260px%22%7D%7D\"]Wir unterst\u00fctzen dich rund um das Thema Effektz\u00e4hne (fx-teeth). Angefangen bei der Produktionsplanung eines Films \u00fcber die eigentliche Produktion bis hin zur Postproduktion oder VFX-Animation. Selbstverst\u00e4ndlich streng vertraulich, wenn du das w\u00fcnschst. Drehbuch &amp; Produktionsplanung: Gerne tragen wir in der Vorproduktionsphase von Effektz\u00e4hnen...","protected":false},"author":2,"featured_media":0,"parent":0,"menu_order":0,"comment_status":"closed","ping_status":"closed","template":"","meta":{"inline_featured_image":false,"_joinchat":[],"footnotes":""},"class_list":["post-10069","page","type-page","status-publish","hentry"],"yoast_head":"<!-- This site is optimized with the Yoast SEO plugin v27.3 - https:\/\/yoast.com\/product\/yoast-seo-wordpress\/ -->\n<title>Kooperation Filmproduzenten - alphabite<\/title>\n<meta name=\"description\" content=\"F\u00fcr die Schauspieler in deinem Film fehlen die passenden Details? Die Rollen sollen richtig echt wirken? Kontaktiere uns f\u00fcr die perfekten Z\u00e4hne!\" \/>\n<meta name=\"robots\" content=\"index, follow, max-snippet:-1, max-image-preview:large, max-video-preview:-1\" \/>\n<link rel=\"canonical\" href=\"https:\/\/alphabite.de\/de\/filmproduzenten\/\" \/>\n<meta property=\"og:locale\" content=\"de_DE\" \/>\n<meta property=\"og:type\" content=\"article\" \/>\n<meta property=\"og:title\" content=\"Kooperation Filmproduzenten - alphabite\" \/>\n<meta property=\"og:description\" content=\"F\u00fcr die Schauspieler in deinem Film fehlen die passenden Details? Die Rollen sollen richtig echt wirken? Kontaktiere uns f\u00fcr die perfekten Z\u00e4hne!\" \/>\n<meta property=\"og:url\" content=\"https:\/\/alphabite.de\/de\/filmproduzenten\/\" \/>\n<meta property=\"og:site_name\" content=\"alphabite\" \/>\n<meta property=\"article:publisher\" content=\"https:\/\/www.facebook.com\/alphabitefxteeth\" \/>\n<meta property=\"article:modified_time\" content=\"2020-11-17T11:00:30+00:00\" \/>\n<meta name=\"twitter:card\" content=\"summary_large_image\" \/>\n<meta name=\"twitter:label1\" content=\"Gesch\u00e4tzte Lesezeit\" \/>\n\t<meta name=\"twitter:data1\" content=\"4\u00a0Minuten\" \/>\n<script type=\"application\/ld+json\" class=\"yoast-schema-graph\">{\"@context\":\"https:\\\/\\\/schema.org\",\"@graph\":[{\"@type\":\"WebPage\",\"@id\":\"https:\\\/\\\/alphabite.de\\\/de\\\/filmproduzenten\\\/\",\"url\":\"https:\\\/\\\/alphabite.de\\\/de\\\/filmproduzenten\\\/\",\"name\":\"Kooperation Filmproduzenten - alphabite\",\"isPartOf\":{\"@id\":\"https:\\\/\\\/alphabite.de\\\/de\\\/#website\"},\"datePublished\":\"2020-07-07T13:04:23+00:00\",\"dateModified\":\"2020-11-17T11:00:30+00:00\",\"description\":\"F\u00fcr die Schauspieler in deinem Film fehlen die passenden Details? Die Rollen sollen richtig echt wirken? Kontaktiere uns f\u00fcr die perfekten Z\u00e4hne!\",\"breadcrumb\":{\"@id\":\"https:\\\/\\\/alphabite.de\\\/de\\\/filmproduzenten\\\/#breadcrumb\"},\"inLanguage\":\"de\",\"potentialAction\":[{\"@type\":\"ReadAction\",\"target\":[\"https:\\\/\\\/alphabite.de\\\/de\\\/filmproduzenten\\\/\"]}]},{\"@type\":\"BreadcrumbList\",\"@id\":\"https:\\\/\\\/alphabite.de\\\/de\\\/filmproduzenten\\\/#breadcrumb\",\"itemListElement\":[{\"@type\":\"ListItem\",\"position\":1,\"name\":\"Startseite\",\"item\":\"https:\\\/\\\/alphabite.de\\\/de\\\/\"},{\"@type\":\"ListItem\",\"position\":2,\"name\":\"Filmproduzenten\"}]},{\"@type\":\"WebSite\",\"@id\":\"https:\\\/\\\/alphabite.de\\\/de\\\/#website\",\"url\":\"https:\\\/\\\/alphabite.de\\\/de\\\/\",\"name\":\"alphabite\",\"description\":\"we are fx teeth\",\"publisher\":{\"@id\":\"https:\\\/\\\/alphabite.de\\\/de\\\/#organization\"},\"potentialAction\":[{\"@type\":\"SearchAction\",\"target\":{\"@type\":\"EntryPoint\",\"urlTemplate\":\"https:\\\/\\\/alphabite.de\\\/de\\\/?s={search_term_string}\"},\"query-input\":{\"@type\":\"PropertyValueSpecification\",\"valueRequired\":true,\"valueName\":\"search_term_string\"}}],\"inLanguage\":\"de\"},{\"@type\":\"Organization\",\"@id\":\"https:\\\/\\\/alphabite.de\\\/de\\\/#organization\",\"name\":\"alphabite fx teeth\",\"url\":\"https:\\\/\\\/alphabite.de\\\/de\\\/\",\"logo\":{\"@type\":\"ImageObject\",\"inLanguage\":\"de\",\"@id\":\"https:\\\/\\\/alphabite.de\\\/de\\\/#\\\/schema\\\/logo\\\/image\\\/\",\"url\":\"https:\\\/\\\/alphabite.de\\\/wp-content\\\/uploads\\\/2020\\\/07\\\/AB-Logo-StandardClaim-wei\u00df_RGB-e1594813826369.png\",\"contentUrl\":\"https:\\\/\\\/alphabite.de\\\/wp-content\\\/uploads\\\/2020\\\/07\\\/AB-Logo-StandardClaim-wei\u00df_RGB-e1594813826369.png\",\"width\":3000,\"height\":1350,\"caption\":\"alphabite fx teeth\"},\"image\":{\"@id\":\"https:\\\/\\\/alphabite.de\\\/de\\\/#\\\/schema\\\/logo\\\/image\\\/\"},\"sameAs\":[\"https:\\\/\\\/www.facebook.com\\\/alphabitefxteeth\",\"https:\\\/\\\/www.instagram.com\\\/zahnspektakel\\\/\",\"https:\\\/\\\/www.pinterest.de\\\/alphabitefxteeth\\\/\",\"https:\\\/\\\/www.youtube.com\\\/channel\\\/UC0bvo36eq_HJXORZuo4c76A\\\/\"]}]}<\/script>\n<!-- \/ Yoast SEO plugin. -->","yoast_head_json":{"title":"Kooperation Filmproduzenten - alphabite","description":"F\u00fcr die Schauspieler in deinem Film fehlen die passenden Details? Die Rollen sollen richtig echt wirken? Kontaktiere uns f\u00fcr die perfekten Z\u00e4hne!","robots":{"index":"index","follow":"follow","max-snippet":"max-snippet:-1","max-image-preview":"max-image-preview:large","max-video-preview":"max-video-preview:-1"},"canonical":"https:\/\/alphabite.de\/de\/filmproduzenten\/","og_locale":"de_DE","og_type":"article","og_title":"Kooperation Filmproduzenten - alphabite","og_description":"F\u00fcr die Schauspieler in deinem Film fehlen die passenden Details? Die Rollen sollen richtig echt wirken? Kontaktiere uns f\u00fcr die perfekten Z\u00e4hne!","og_url":"https:\/\/alphabite.de\/de\/filmproduzenten\/","og_site_name":"alphabite","article_publisher":"https:\/\/www.facebook.com\/alphabitefxteeth","article_modified_time":"2020-11-17T11:00:30+00:00","twitter_card":"summary_large_image","twitter_misc":{"Gesch\u00e4tzte Lesezeit":"4\u00a0Minuten"},"schema":{"@context":"https:\/\/schema.org","@graph":[{"@type":"WebPage","@id":"https:\/\/alphabite.de\/de\/filmproduzenten\/","url":"https:\/\/alphabite.de\/de\/filmproduzenten\/","name":"Kooperation Filmproduzenten - alphabite","isPartOf":{"@id":"https:\/\/alphabite.de\/de\/#website"},"datePublished":"2020-07-07T13:04:23+00:00","dateModified":"2020-11-17T11:00:30+00:00","description":"F\u00fcr die Schauspieler in deinem Film fehlen die passenden Details? Die Rollen sollen richtig echt wirken? Kontaktiere uns f\u00fcr die perfekten Z\u00e4hne!","breadcrumb":{"@id":"https:\/\/alphabite.de\/de\/filmproduzenten\/#breadcrumb"},"inLanguage":"de","potentialAction":[{"@type":"ReadAction","target":["https:\/\/alphabite.de\/de\/filmproduzenten\/"]}]},{"@type":"BreadcrumbList","@id":"https:\/\/alphabite.de\/de\/filmproduzenten\/#breadcrumb","itemListElement":[{"@type":"ListItem","position":1,"name":"Startseite","item":"https:\/\/alphabite.de\/de\/"},{"@type":"ListItem","position":2,"name":"Filmproduzenten"}]},{"@type":"WebSite","@id":"https:\/\/alphabite.de\/de\/#website","url":"https:\/\/alphabite.de\/de\/","name":"alphabite","description":"we are fx teeth","publisher":{"@id":"https:\/\/alphabite.de\/de\/#organization"},"potentialAction":[{"@type":"SearchAction","target":{"@type":"EntryPoint","urlTemplate":"https:\/\/alphabite.de\/de\/?s={search_term_string}"},"query-input":{"@type":"PropertyValueSpecification","valueRequired":true,"valueName":"search_term_string"}}],"inLanguage":"de"},{"@type":"Organization","@id":"https:\/\/alphabite.de\/de\/#organization","name":"alphabite fx teeth","url":"https:\/\/alphabite.de\/de\/","logo":{"@type":"ImageObject","inLanguage":"de","@id":"https:\/\/alphabite.de\/de\/#\/schema\/logo\/image\/","url":"https:\/\/alphabite.de\/wp-content\/uploads\/2020\/07\/AB-Logo-StandardClaim-wei\u00df_RGB-e1594813826369.png","contentUrl":"https:\/\/alphabite.de\/wp-content\/uploads\/2020\/07\/AB-Logo-StandardClaim-wei\u00df_RGB-e1594813826369.png","width":3000,"height":1350,"caption":"alphabite fx teeth"},"image":{"@id":"https:\/\/alphabite.de\/de\/#\/schema\/logo\/image\/"},"sameAs":["https:\/\/www.facebook.com\/alphabitefxteeth","https:\/\/www.instagram.com\/zahnspektakel\/","https:\/\/www.pinterest.de\/alphabitefxteeth\/","https:\/\/www.youtube.com\/channel\/UC0bvo36eq_HJXORZuo4c76A\/"]}]}},"_links":{"self":[{"href":"https:\/\/alphabite.de\/de\/wp-json\/wp\/v2\/pages\/10069","targetHints":{"allow":["GET"]}}],"collection":[{"href":"https:\/\/alphabite.de\/de\/wp-json\/wp\/v2\/pages"}],"about":[{"href":"https:\/\/alphabite.de\/de\/wp-json\/wp\/v2\/types\/page"}],"author":[{"embeddable":true,"href":"https:\/\/alphabite.de\/de\/wp-json\/wp\/v2\/users\/2"}],"replies":[{"embeddable":true,"href":"https:\/\/alphabite.de\/de\/wp-json\/wp\/v2\/comments?post=10069"}],"version-history":[{"count":10,"href":"https:\/\/alphabite.de\/de\/wp-json\/wp\/v2\/pages\/10069\/revisions"}],"predecessor-version":[{"id":10804,"href":"https:\/\/alphabite.de\/de\/wp-json\/wp\/v2\/pages\/10069\/revisions\/10804"}],"wp:attachment":[{"href":"https:\/\/alphabite.de\/de\/wp-json\/wp\/v2\/media?parent=10069"}],"curies":[{"name":"wp","href":"https:\/\/api.w.org\/{rel}","templated":true}]}}